{"id":925,"date":"2016-10-29T13:55:51","date_gmt":"2016-10-29T11:55:51","guid":{"rendered":"http:\/\/ute-bareiss-autorin.de\/?page_id=925"},"modified":"2016-10-29T16:05:44","modified_gmt":"2016-10-29T14:05:44","slug":"weisses-gold-im-sog-der-gier","status":"publish","type":"page","link":"https:\/\/ute-bareiss-autorin.de\/?page_id=925","title":{"rendered":"Weisses Gold: Im Sog der Gier"},"content":{"rendered":"<p><span style=\"color: #db9f07;\"><em><strong>Weisses Gold: Im Sog der Gier\u00a0&#8211; Thriller<\/strong><\/em><\/span><\/p>\n<p><a href=\"http:\/\/ute-bareiss-autorin.de\/wp-content\/uploads\/2016\/10\/WeissesGold1600Breite.jpg\"><img decoding=\"async\" loading=\"lazy\" class=\"size-medium wp-image-926 alignleft\" src=\"http:\/\/ute-bareiss-autorin.de\/wp-content\/uploads\/2016\/10\/WeissesGold1600Breite-197x300.jpg\" alt=\"weissesgold1600breite\" width=\"197\" height=\"300\" srcset=\"https:\/\/ute-bareiss-autorin.de\/wp-content\/uploads\/2016\/10\/WeissesGold1600Breite-197x300.jpg 197w, https:\/\/ute-bareiss-autorin.de\/wp-content\/uploads\/2016\/10\/WeissesGold1600Breite-768x1168.jpg 768w, https:\/\/ute-bareiss-autorin.de\/wp-content\/uploads\/2016\/10\/WeissesGold1600Breite-673x1024.jpg 673w, https:\/\/ute-bareiss-autorin.de\/wp-content\/uploads\/2016\/10\/WeissesGold1600Breite.jpg 1600w\" sizes=\"(max-width: 197px) 100vw, 197px\" \/><\/a><\/p>\n<p>Ein Alex-Martin-Thriller (Band 2)<\/p>\n<p>Die Alex-Martin-Reihe erscheint beim Kieselsteiner Verlag. Alle B\u00e4nde k\u00f6nnen unabh\u00e4ngig voneinander gelesen werden.<\/p>\n<p><strong>Klappentext:<\/strong><\/p>\n<p>&nbsp;<\/p>\n<p>Der Schwarzmarkt f\u00fcr Elfenbein boomt!<br \/>\nMeeresbiologe Alex Martin st\u00f6\u00dft bei seiner Arbeit f\u00fcr die Naturschutzbeh\u00f6rde in Thailand auf Schmuggler. Dadurch ger\u00e4t er ins Fadenkreuz einer m\u00e4chtigen Organisation. Mit seinem Freund, dem thail\u00e4ndischen Ermittler Jaidee, begibt sich Alex auf die Spur des wei\u00dfen Goldes. Sie f\u00fchrt von den afrikanischen Savannen durch das Rotlicht-Milieu Phukets bis in die obersten chinesischen Gesch\u00e4ftsetagen.<br \/>\nImmer tiefer dringen Alex und Jaidee in den Sumpf des organisierten Verbrechens vor.<br \/>\nDabei machen sie eine grausame Entdeckung.<\/p>\n<p>Bestellbar<\/p>\n<p><strong>Mit pers\u00f6nlicher Signatur direkt\u00a0<a href=\"http:\/\/ute-bareiss-autorin.de\/?page_id=189\">bei mir<\/a>! (Kommentar schreiben oder E-Mail senden)<\/strong><\/p>\n<p>Direkt beim Kieselsteiner-Verlag:\u00a0<a href=\"http:\/\/gecko-keck-shop.de\/epages\/d679a987-5462-4746-a000-b1338decf07d.sf\/de_DE\/?ObjectPath=\/Shops\/d679a987-5462-4746-a000-b1338decf07d\/Products\/00587\">\u00a0*hier klicken*<\/a><\/p>\n<p>Ihr k\u00f6nnt die Alex-Martin-Thriller nat\u00fcrlich auch sonst \u00fcberall beziehen &#8211; im Buchladen eurer Wahl bestellen oder unten (auf das Logo unten klicken):<\/p>\n<p>&nbsp;<\/p>\n<p>In jedem Shop, z.B. hier (auf das Logo klicken):<\/p>\n<p><a href=\"http:\/\/schiller-buch.shop-asp.de\/shop\/action\/productDetails\/31055089\/ute_bareiss_weisses_gold_394531397X.html?aUrl=90007965&amp;searchId=13\"><img decoding=\"async\" loading=\"lazy\" class=\"alignnone wp-image-65\" src=\"http:\/\/ute-bareiss-autorin.de\/wp-content\/uploads\/2015\/04\/schiller-buch.jpg\" alt=\"schiller-buch\" width=\"101\" height=\"38\" \/><\/a><\/p>\n<p>Als E-Book in Kindle-Version: \u00a0<a title=\"Im Fahrwasser der Macht - Weltbild\" href=\"https:\/\/www.amazon.de\/Weisses-Gold-Sog-Gier-Alex-Martin-Thriller-ebook\/dp\/B01M9D9EOK\"><img decoding=\"async\" loading=\"lazy\" class=\"alignnone size-full wp-image-55\" src=\"http:\/\/ute-bareiss-autorin.de\/wp-content\/uploads\/2015\/04\/amazon.png\" alt=\"amazon\" width=\"81\" height=\"30\" \/>\u00a0<\/a><\/p>\n","protected":false},"excerpt":{"rendered":"<p>Weisses Gold: Im Sog der Gier\u00a0&#8211; Thriller Ein Alex-Martin-Thriller (Band 2) Die Alex-Martin-Reihe erscheint beim Kieselsteiner Verlag. Alle B\u00e4nde k\u00f6nnen unabh\u00e4ngig voneinander gelesen werden. Klappentext: &nbsp; Der Schwarzmarkt f\u00fcr Elfenbein boomt! Meeresbiologe Alex Martin st\u00f6\u00dft bei seiner Arbeit f\u00fcr die &hellip; <a href=\"https:\/\/ute-bareiss-autorin.de\/?page_id=925\">Weiterlesen <span class=\"meta-nav\">&rarr;<\/span><\/a><\/p>\n","protected":false},"author":1,"featured_media":0,"parent":25,"menu_order":2,"comment_status":"closed","ping_status":"open","template":"","meta":{"_links_to":"","_links_to_target":""},"wp-worthy-pixel":{"ignored":false,"public":null,"server":null,"url":null},"wp-worthy-type":"normal","_links":{"self":[{"href":"https:\/\/ute-bareiss-autorin.de\/index.php?rest_route=\/wp\/v2\/pages\/925"}],"collection":[{"href":"https:\/\/ute-bareiss-autorin.de\/index.php?rest_route=\/wp\/v2\/pages"}],"about":[{"href":"https:\/\/ute-bareiss-autorin.de\/index.php?rest_route=\/wp\/v2\/types\/page"}],"author":[{"embeddable":true,"href":"https:\/\/ute-bareiss-autorin.de\/index.php?rest_route=\/wp\/v2\/users\/1"}],"replies":[{"embeddable":true,"href":"https:\/\/ute-bareiss-autorin.de\/index.php?rest_route=%2Fwp%2Fv2%2Fcomments&post=925"}],"version-history":[{"count":3,"href":"https:\/\/ute-bareiss-autorin.de\/index.php?rest_route=\/wp\/v2\/pages\/925\/revisions"}],"predecessor-version":[{"id":932,"href":"https:\/\/ute-bareiss-autorin.de\/index.php?rest_route=\/wp\/v2\/pages\/925\/revisions\/932"}],"up":[{"embeddable":true,"href":"https:\/\/ute-bareiss-autorin.de\/index.php?rest_route=\/wp\/v2\/pages\/25"}],"wp:attachment":[{"href":"https:\/\/ute-bareiss-autorin.de\/index.php?rest_route=%2Fwp%2Fv2%2Fmedia&parent=925"}],"curies":[{"name":"wp","href":"https:\/\/api.w.org\/{rel}","templated":true}]}}